{"id":7605,"date":"2021-08-20T10:28:03","date_gmt":"2021-08-20T15:28:03","guid":{"rendered":"https:\/\/coolgrove.com\/books\/?page_id=7605"},"modified":"2021-08-23T05:37:57","modified_gmt":"2021-08-23T10:37:57","slug":"azahara-palomeque","status":"publish","type":"page","link":"https:\/\/coolgrove.com\/books\/azahara-palomeque\/","title":{"rendered":"Azahara palomeque"},"content":{"rendered":"\n<div class=\"wp-block-image\"><figure class=\"aligncenter size-large\"><a href=\"https:\/\/i0.wp.com\/coolgrove.com\/books\/wp-content\/uploads\/2021\/08\/Azahara-Palomeque_foto.jpg?ssl=1\" class=\"img-link\"><img data-recalc-dims=\"1\" loading=\"lazy\" decoding=\"async\" width=\"1024\" height=\"683\" src=\"https:\/\/i0.wp.com\/coolgrove.com\/books\/wp-content\/uploads\/2021\/08\/Azahara-Palomeque_foto.jpg?resize=1024%2C683&#038;ssl=1\" alt=\"\" class=\"wp-image-7631\" srcset=\"https:\/\/i0.wp.com\/coolgrove.com\/books\/wp-content\/uploads\/2021\/08\/Azahara-Palomeque_foto.jpg?resize=1024%2C683&amp;ssl=1 1024w, https:\/\/i0.wp.com\/coolgrove.com\/books\/wp-content\/uploads\/2021\/08\/Azahara-Palomeque_foto.jpg?resize=300%2C200&amp;ssl=1 300w, https:\/\/i0.wp.com\/coolgrove.com\/books\/wp-content\/uploads\/2021\/08\/Azahara-Palomeque_foto.jpg?resize=150%2C100&amp;ssl=1 150w, https:\/\/i0.wp.com\/coolgrove.com\/books\/wp-content\/uploads\/2021\/08\/Azahara-Palomeque_foto.jpg?resize=768%2C512&amp;ssl=1 768w, https:\/\/i0.wp.com\/coolgrove.com\/books\/wp-content\/uploads\/2021\/08\/Azahara-Palomeque_foto.jpg?resize=1536%2C1024&amp;ssl=1 1536w, https:\/\/i0.wp.com\/coolgrove.com\/books\/wp-content\/uploads\/2021\/08\/Azahara-Palomeque_foto.jpg?resize=640%2C427&amp;ssl=1 640w, https:\/\/i0.wp.com\/coolgrove.com\/books\/wp-content\/uploads\/2021\/08\/Azahara-Palomeque_foto.jpg?resize=750%2C500&amp;ssl=1 750w, https:\/\/i0.wp.com\/coolgrove.com\/books\/wp-content\/uploads\/2021\/08\/Azahara-Palomeque_foto.jpg?w=2048&amp;ssl=1 2048w\" sizes=\"auto, (max-width: 1000px) 100vw, 1000px\" \/><\/a><\/figure><\/div>\n\n\n\n<p>ABOUT THE AUTHOR<\/p>\n\n\n\n<p>Azahara Palomeque (El Sur, 1986) is a&nbsp;Spanish poet&nbsp;and writer. She is the author of the bilingual chapbook <em>El Diente del Lobo\/The Wolf\u2019s Tooth<\/em>&nbsp;(Carmina in minina re, 2014), the poetry books&nbsp;<em>American Poems<\/em>&nbsp;(La Isla de Siltol\u00e1, 2015),&nbsp;<em>En la Ceniza Blanca de las Enc\u00edas<\/em>&nbsp;(La Isla de Siltol\u00e1, 2017),&nbsp;<em>R.I.P <\/em>(<em>Rest in Plastic<\/em>)&nbsp;(RiL Editores, 2019), and the essay&nbsp;<em>A\u00f1o 9. Cr\u00f3nicas catastr\u00f3ficas en la Era Trump<\/em>&nbsp;(RiL Editores, 2020). She has published numerous poems in cultural journals and magazines in Spain, Latin America and the United States; her work has been partially translated into Greek and English and has been included in several anthologies. Palomeque has been invited to do readings at several U.S. universities, the NY Public Library, the Philadelphia Latin American Book Fair, and the NY Instituto Cervantes, among others.&nbsp;She is also a renowned journalist and op-ed contributor for two independent Spanish newspapers: La Marea and CTXT. Palomeque holds a Ph.D. in&nbsp;Spanish&nbsp;and Latin American Cultural Studies from Princeton University and resides in Philadelphia.&nbsp;<em>American Poems<\/em>&nbsp;is her first fully translated book, now available for an English-speaking audience with Coolgrove Press, NY.<\/p>\n\n\n\n<p><a rel=\"noreferrer noopener\" href=\"https:\/\/coolgrove.com\/books\/american-poems\/\" target=\"_blank\"><strong><em>American Poems<\/em> (Coolgrove)<\/strong><\/a>\u00a0is her first fully translated, facing page and bilingual book will be available for an English-speaking audience in November, 2021.<\/p>\n\n\n\n<p>She is the author of the bilingual chapbook&nbsp;<em><strong>El Diente del Lobo<\/strong><\/em> \/ <em><strong>The Wolf\u2019s Toot<\/strong>h<\/em>&nbsp;(Carmina in minina re, 2014). <\/p>\n\n\n\n<h5 class=\"wp-block-heading\">Her poetry books include:&nbsp;<\/h5>\n\n\n\n<p class=\"has-text-align-left\">\u2022 <strong><em>American Poems<\/em>&nbsp;<\/strong>(La Isla de Siltol\u00e1, 2015),&nbsp;<\/p>\n\n\n\n<p class=\"has-text-align-left\">\u2022 <strong><em><a href=\"https:\/\/www.amazon.com\/En-ceniza-blanca-las-enc%C3%ADas\/dp\/8416682496\/ref=sr_1_3?dchild=1&amp;keywords=azahara+palomeque&amp;qid=1629088326&amp;sr=8-3\" target=\"_blank\" rel=\"noreferrer noopener\">En la Ceniza Blanca de las Enc\u00edas<\/a><\/em>\u00a0<\/strong>(La Isla de Siltol\u00e1, 2017),\u00a0<\/p>\n\n\n\n<figure class=\"wp-block-image size-full is-resized\"><a href=\"https:\/\/i0.wp.com\/coolgrove.com\/books\/wp-content\/uploads\/2021\/08\/En-la-ceniza-blanca-de-las-encias-book-cover-2.jpg?ssl=1\" class=\"img-link\"><img data-recalc-dims=\"1\" loading=\"lazy\" decoding=\"async\" src=\"https:\/\/i0.wp.com\/coolgrove.com\/books\/wp-content\/uploads\/2021\/08\/En-la-ceniza-blanca-de-las-encias-book-cover-2.jpg?resize=161%2C222&#038;ssl=1\" alt=\"\" class=\"wp-image-7659\" width=\"161\" height=\"222\" srcset=\"https:\/\/i0.wp.com\/coolgrove.com\/books\/wp-content\/uploads\/2021\/08\/En-la-ceniza-blanca-de-las-encias-book-cover-2.jpg?w=362&amp;ssl=1 362w, https:\/\/i0.wp.com\/coolgrove.com\/books\/wp-content\/uploads\/2021\/08\/En-la-ceniza-blanca-de-las-encias-book-cover-2.jpg?resize=218%2C300&amp;ssl=1 218w, https:\/\/i0.wp.com\/coolgrove.com\/books\/wp-content\/uploads\/2021\/08\/En-la-ceniza-blanca-de-las-encias-book-cover-2.jpg?resize=109%2C150&amp;ssl=1 109w, https:\/\/i0.wp.com\/coolgrove.com\/books\/wp-content\/uploads\/2021\/08\/En-la-ceniza-blanca-de-las-encias-book-cover-2.jpg?resize=300%2C414&amp;ssl=1 300w\" sizes=\"auto, (max-width: 161px) 100vw, 161px\" \/><\/a><\/figure>\n\n\n\n<div style=\"height:29px\" aria-hidden=\"true\" class=\"wp-block-spacer\"><\/div>\n\n\n\n<p><a href=\"https:\/\/www.amazon.es\/RIP-REST-PLASTIC-Azahara-Palomeque\/dp\/9560106635\/ref=sr_1_1?__mk_es_ES=%C3%85M%C3%85%C5%BD%C3%95%C3%91&amp;dchild=1&amp;keywords=azahara+palomeque+rip+rest+in+plastic&amp;qid=1629088395&amp;sr=8-1\" target=\"_blank\" rel=\"noreferrer noopener\">\u2022 <strong><em>RIP (Rest in Plastic)<\/em><\/strong><\/a><\/p>\n\n\n\n<figure class=\"wp-block-image size-full is-resized\"><a href=\"https:\/\/i0.wp.com\/coolgrove.com\/books\/wp-content\/uploads\/2021\/08\/RIP-rest-in-plastic-book-cover-1.jpg?ssl=1\" class=\"img-link\"><img data-recalc-dims=\"1\" loading=\"lazy\" decoding=\"async\" src=\"https:\/\/i0.wp.com\/coolgrove.com\/books\/wp-content\/uploads\/2021\/08\/RIP-rest-in-plastic-book-cover-1.jpg?resize=163%2C269&#038;ssl=1\" alt=\"\" class=\"wp-image-7660\" width=\"163\" height=\"269\" srcset=\"https:\/\/i0.wp.com\/coolgrove.com\/books\/wp-content\/uploads\/2021\/08\/RIP-rest-in-plastic-book-cover-1.jpg?w=302&amp;ssl=1 302w, https:\/\/i0.wp.com\/coolgrove.com\/books\/wp-content\/uploads\/2021\/08\/RIP-rest-in-plastic-book-cover-1.jpg?resize=182%2C300&amp;ssl=1 182w, https:\/\/i0.wp.com\/coolgrove.com\/books\/wp-content\/uploads\/2021\/08\/RIP-rest-in-plastic-book-cover-1.jpg?resize=91%2C150&amp;ssl=1 91w, https:\/\/i0.wp.com\/coolgrove.com\/books\/wp-content\/uploads\/2021\/08\/RIP-rest-in-plastic-book-cover-1.jpg?resize=300%2C496&amp;ssl=1 300w\" sizes=\"auto, (max-width: 163px) 100vw, 163px\" \/><\/a><\/figure>\n\n\n\n<p>&#8220;RIP (Rest In Plastic) is several books at a time, but, above all, it is a treatise on decomposition (of identity, physical and cultural, among others) where the enduring, the sad posterity within the reach of the human being, seems to be reduced to the approaching ecocide&#8221; \u2014Alberto L\u00f3pez Mart\u00edn.<\/p>\n\n\n\n<div style=\"height:19px\" aria-hidden=\"true\" class=\"wp-block-spacer\"><\/div>\n\n\n\n<p><a href=\"https:\/\/www.amazon.com\/A%C3%B1o-Cr%C3%B3nicas-catastr%C3%B3ficas-Trump-Spanish\/dp\/8418065060\/ref=sr_1_1?dchild=1&amp;qid=1629088376&amp;refinements=p_27%3AAzahara+Palomeque+Recio&amp;s=books&amp;sr=1-1&amp;text=Azahara+Palomeque+Recio\" target=\"_blank\" rel=\"noreferrer noopener\">\u2022 <strong><em>A\u00f1o 9<\/em><\/strong> <strong><em>(cr\u00f3nicas catastr\u00f3ficas en la Era Trump)<\/em><\/strong><\/a> <strong><em>&#8211;chronicles:<\/em><\/strong><\/p>\n\n\n\n<figure class=\"wp-block-image size-full is-resized\"><a href=\"https:\/\/i0.wp.com\/coolgrove.com\/books\/wp-content\/uploads\/2021\/08\/Ano-9-book-cover-2.jpg?ssl=1\" class=\"img-link\"><img data-recalc-dims=\"1\" loading=\"lazy\" decoding=\"async\" src=\"https:\/\/i0.wp.com\/coolgrove.com\/books\/wp-content\/uploads\/2021\/08\/Ano-9-book-cover-2.jpg?resize=171%2C255&#038;ssl=1\" alt=\"\" class=\"wp-image-7665\" width=\"171\" height=\"255\" srcset=\"https:\/\/i0.wp.com\/coolgrove.com\/books\/wp-content\/uploads\/2021\/08\/Ano-9-book-cover-2.jpg?w=335&amp;ssl=1 335w, https:\/\/i0.wp.com\/coolgrove.com\/books\/wp-content\/uploads\/2021\/08\/Ano-9-book-cover-2.jpg?resize=201%2C300&amp;ssl=1 201w, https:\/\/i0.wp.com\/coolgrove.com\/books\/wp-content\/uploads\/2021\/08\/Ano-9-book-cover-2.jpg?resize=101%2C150&amp;ssl=1 101w, https:\/\/i0.wp.com\/coolgrove.com\/books\/wp-content\/uploads\/2021\/08\/Ano-9-book-cover-2.jpg?resize=300%2C447&amp;ssl=1 300w\" sizes=\"auto, (max-width: 171px) 100vw, 171px\" \/><\/a><\/figure>\n\n\n\n<p>&#8220;A precious book&#8221; \u2014Sebastiaan Faber.<\/p>\n\n\n\n<p>&nbsp;&#8220;Beyond Palomeque&#8217;s restless gaze and excellent capacity to analyze the American reality, the book [A\u00f1o 9] is also remarkable for its language (an outstanding lyricism) and for the handling of an intimate approach to experience, which not only goes well with the social chronicle and the generational testimony, but enhances them&#8221;.&nbsp; \u2014Gonzalo Torn\u00e9.<\/p>\n\n\n\n<div style=\"height:21px\" aria-hidden=\"true\" class=\"wp-block-spacer\"><\/div>\n\n\n\n<h4 class=\"wp-block-heading\">Some of Palomeque&#8217;s favorite books: <\/h4>\n\n\n\n<p><strong><em>The Tin Drum,<\/em><\/strong> by G\u00fcnter Grass;&nbsp;<\/p>\n\n\n\n<p><strong><em>The Bell Jar,<\/em><\/strong> by Sylvia Plath;&nbsp;<\/p>\n\n\n\n<p><strong><em>The Trial,<\/em><\/strong> by Kafka;&nbsp;<\/p>\n\n\n\n<p><strong><em>Se\u00f1as de Identidad,<\/em><\/strong> by Juan Goytisolo;&nbsp;<\/p>\n\n\n\n<p><strong><em>El Entusiasmo,<\/em><\/strong> by Remedios Zafra;&nbsp;<\/p>\n\n\n\n<p><strong><em>Poeta en Nueva York, de Garc\u00eda Lorca<\/em><\/strong>;&nbsp;<\/p>\n\n\n\n<p><strong><em>La extracci\u00f3n de la piedra de locura,<\/em><\/strong> by Alejandra Pizarnik;&nbsp;<\/p>\n\n\n\n<p><strong><em>La\u00e7os de fam\u00edlia,<\/em><\/strong> by Clarice Lispector;&nbsp;<\/p>\n\n\n\n<p><strong><em>Notes of a Native Son,<\/em><\/strong> by James Baldwin.<\/p>\n","protected":false},"excerpt":{"rendered":"<p>ABOUT THE AUTHOR Azahara Palomeque (El Sur, 1986) is a&nbsp;Spanish poet&nbsp;and writer. She is the author of the bilingual chapbook El Diente del Lobo\/The Wolf\u2019s Tooth&nbsp;(Carmina in minina re, 2014), [&hellip;]<\/p>\n","protected":false},"author":1,"featured_media":0,"parent":0,"menu_order":0,"comment_status":"closed","ping_status":"closed","template":"","meta":{"jetpack_post_was_ever_published":false,"footnotes":""},"class_list":["post-7605","page","type-page","status-publish","hentry","post-design-default"],"jetpack_sharing_enabled":true,"jetpack_shortlink":"https:\/\/wp.me\/P9wWvk-1YF","_links":{"self":[{"href":"https:\/\/coolgrove.com\/books\/wp-json\/wp\/v2\/pages\/7605","targetHints":{"allow":["GET"]}}],"collection":[{"href":"https:\/\/coolgrove.com\/books\/wp-json\/wp\/v2\/pages"}],"about":[{"href":"https:\/\/coolgrove.com\/books\/wp-json\/wp\/v2\/types\/page"}],"author":[{"embeddable":true,"href":"https:\/\/coolgrove.com\/books\/wp-json\/wp\/v2\/users\/1"}],"replies":[{"embeddable":true,"href":"https:\/\/coolgrove.com\/books\/wp-json\/wp\/v2\/comments?post=7605"}],"version-history":[{"count":30,"href":"https:\/\/coolgrove.com\/books\/wp-json\/wp\/v2\/pages\/7605\/revisions"}],"predecessor-version":[{"id":7680,"href":"https:\/\/coolgrove.com\/books\/wp-json\/wp\/v2\/pages\/7605\/revisions\/7680"}],"wp:attachment":[{"href":"https:\/\/coolgrove.com\/books\/wp-json\/wp\/v2\/media?parent=7605"}],"curies":[{"name":"wp","href":"https:\/\/api.w.org\/{rel}","templated":true}]}}